{"id":7623,"date":"2019-10-07T14:38:06","date_gmt":"2019-10-07T12:38:06","guid":{"rendered":"https:\/\/litec.net\/produkt\/litec-led-tagfahrlicht-scheinwerfer-upgrade-design-audi-a6-4f-c6-04-09-allroad-schwarz-mit-dynamischem-blinker-fuer-modelle-mit-original-xenon\/"},"modified":"2026-04-01T09:42:58","modified_gmt":"2026-04-01T07:42:58","slug":"a-condus-luminile-de-zi-faruri-audi-a6-4f-c6-04-09-negru-cu-indicator-dinamic-pentru-xenon-original","status":"publish","type":"product","link":"https:\/\/litec.net\/ro\/produkt\/led-tagfahrlicht-scheinwerfer-audi-a6-4f-c6-04-09-schwarz-mit-dynamischem-blinker-fuer-original-xenon\/","title":{"rendered":"LED faruri cu lumin\u0103 de zi Audi A6 4F C6 04-09 negru cu indicator dinamic pentru Xenon original"},"content":{"rendered":"<p>Faruri cu LED cu lumin\u0103 de zi Audi A6 4F 04-09 \u00een design 4G upgrade<\/p>\n<p>Cu marca E: Aprobat \u00een domeniul reglement\u0103rilor privind traficul rutier<br \/>\nInclusiv omologarea R87 pentru luminile de rulare pe timp de zi testate<\/p>\n<p>potrivit pentru: Audi A6 4F C6 \/ A6 C6 allroad quattro<br \/>\nAnul de fabrica\u021bie: Pre-facelift 04-09 (4F C6) \/ 06-09 (C6 allroad)<br \/>\n(dac\u0103 ave\u021bi \u00eentreb\u0103ri cu privire la modelul dvs., vom fi bucuro\u0219i s\u0103 v\u0103 ajut\u0103m) <\/p>\n<p>-&gt; pentru vehicule cu Xenon D2S original<br \/>\n-&gt; Numai pentru vehicule f\u0103r\u0103 iluminare \u00een curb\u0103 \u0219i AFS<\/p>\n<p>Culoare: negru<br \/>\nCon\u021binut: 1 set format din 2 spoturi<br \/>\nStare: nou \/ ambalaj original<br \/>\nPlug&amp;Play: Compatibil cu toate punctele de montare \u0219i conexiunile originale<br \/>\nReglarea electric\u0103 a farurilor: elementul de control este preluat de la original<br \/>\nCompatibil cu computerul de bord \/ f\u0103r\u0103 mesaje de eroare<\/p>\n<p>Surs\u0103 de lumin\u0103:<br \/>\nFaruri de \u00eent\u00e2lnire: D2S (preluat de la original)<br \/>\nFaza lung\u0103: H1 (inclus\u0103) + D2S - D2S este preluat de la original (H1 \u0219i D2S sunt activate simultan)<br \/>\nIndicator: LED dinamic<br \/>\nLumina de zi: LED (este dezactivat\u0103 atunci c\u00e2nd clipe\u0219te)<\/p>\n<p>Aceste faruri cu lumini de zi cu LED pentru Audi A6 4F din 2004 p\u00e2n\u0103 \u00een 2009 \u00een designul de upgrade 4G sunt prev\u0103zute cu o marc\u0103 E, care le legalizeaz\u0103 \u00een conformitate cu reglement\u0103rile privind traficul rutier. De asemenea, acestea au omologarea R87 pentru luminile de zi testate.<\/p>\n<p>Aceste faruri sunt potrivite pentru Audi A6 4F C6 \u0219i A6 C6 allroad quattro \u0219i sunt potrivite pentru vehiculele cu faruri cu xenon originale (D2S). Cu toate acestea, v\u0103 rug\u0103m s\u0103 re\u021bine\u021bi c\u0103 vehiculele cu AFS (func\u021bie de iluminare \u00een viraje cu con de lumin\u0103 de codirec\u021bie) ar trebui s\u0103 aib\u0103 monitorizarea acestei func\u021bii reprogramat\u0103 \u00een atelier pentru a evita mesajele de eroare.<\/p>\n<p>Farurile sunt de culoare neagr\u0103 \u0219i sunt furnizate ca un set de 2 faruri. Acestea sunt noi \u0219i \u00een ambalajul original.<\/p>\n<p>Instalarea este simpl\u0103, deoarece sunt compatibile \"plug &amp; play\" \u0219i se potrivesc cu toate punctele de montare \u0219i conexiunile originale. Elementul de control pentru reglarea electric\u0103 a farurilor este preluat de la farul original \u0219i sunt compatibile cu computerul de bord, ceea ce nu cauzeaz\u0103 niciun mesaj de eroare.<\/p>\n<p>potrivit pentru \u00eenlocuirea cu urm\u0103toarele numere de piese originale:<br \/>\n4F0 941 029 AK \/ EA \/ N \/ EE<br \/>\n4F0 941 030 AK \/ EA \/ N \/ EE<\/p>","protected":false},"excerpt":{"rendered":"<p>LITEC LED faruri cu lumin\u0103 de zi \u00een design 4G upgrade Audi A6 4F C6 04-09 \/ Allroad negru cu indicatoare dinamice pentru modele cu faruri xenon originale<\/p>\n<p>DISPONIBIL IMEDIAT<\/p>","protected":false},"featured_media":7695,"template":"","meta":[],"product_brand":[],"product_cat":[445,468,805,511],"product_tag":[],"class_list":{"0":"post-7623","1":"product","2":"type-product","3":"status-publish","4":"has-post-thumbnail","6":"product_cat-a6","7":"product_cat-a6-4f-avant-04-11","8":"product_cat-a6-4f-limousine-04-09","9":"product_cat-scheinwerfer_81","11":"first","12":"instock","13":"taxable","14":"shipping-taxable","15":"purchasable","16":"product-type-simple"},"yoast_head":"<!-- This site is optimized with the Yoast SEO Premium plugin v27.3 (Yoast SEO v27.3) - https:\/\/yoast.com\/product\/yoast-seo-premium-wordpress\/ -->\n<title>LED Tagfahrlicht-Scheinwerfer Audi A6 4F C6 04-09 schwarz mit dynamischem Blinker f\u00fcr Original-Xenon - litec innovations<\/title>\n<meta name=\"robots\" content=\"index, follow, max-snippet:-1, max-image-preview:large, max-video-preview:-1\" \/>\n<link rel=\"canonical\" href=\"https:\/\/litec.net\/ro\/produs\/a-condus-luminile-de-zi-faruri-audi-a6-4f-c6-04-09-negru-cu-indicator-dinamic-pentru-xenon-original\/\" \/>\n<meta property=\"og:locale\" content=\"ro_RO\" \/>\n<meta property=\"og:type\" content=\"article\" \/>\n<meta property=\"og:title\" content=\"LED Tagfahrlicht-Scheinwerfer Audi A6 4F C6 04-09 schwarz mit dynamischem Blinker f\u00fcr Original-Xenon\" \/>\n<meta property=\"og:description\" content=\"LITEC LED Tagfahrlicht-Scheinwerfer im 4G Upgrade-Design Audi A6 4F C6 04-09 \/ Allroad schwarz mit dynamischem Blinker f\u00fcr Modelle mit Original-Xenon   SOFORT LIEFERBAR\" \/>\n<meta property=\"og:url\" content=\"https:\/\/litec.net\/ro\/produs\/a-condus-luminile-de-zi-faruri-audi-a6-4f-c6-04-09-negru-cu-indicator-dinamic-pentru-xenon-original\/\" \/>\n<meta property=\"og:site_name\" content=\"litec innovations\" \/>\n<meta property=\"article:modified_time\" content=\"2026-04-01T07:42:58+00:00\" \/>\n<meta property=\"og:image\" content=\"https:\/\/litec.net\/wp-content\/uploads\/2020\/05\/Audi-A6-SW1_XL.jpg\" \/>\n\t<meta property=\"og:image:width\" content=\"1000\" \/>\n\t<meta property=\"og:image:height\" content=\"800\" \/>\n\t<meta property=\"og:image:type\" content=\"image\/jpeg\" \/>\n<meta name=\"twitter:card\" content=\"summary_large_image\" \/>\n<meta name=\"twitter:label1\" content=\"Pre\u021b\" \/>\n\t<meta name=\"twitter:data1\" content=\"599,00&euro;\" \/>\n\t<meta name=\"twitter:label2\" content=\"Disponibilitate\" \/>\n\t<meta name=\"twitter:data2\" content=\"\u00cen stoc\" \/>\n<script type=\"application\/ld+json\" class=\"yoast-schema-graph\">{\"@context\":\"https:\\\/\\\/schema.org\",\"@graph\":[{\"@type\":\"WebPage\",\"@id\":\"https:\\\/\\\/litec.net\\\/produkt\\\/led-tagfahrlicht-scheinwerfer-audi-a6-4f-c6-04-09-schwarz-mit-dynamischem-blinker-fuer-original-xenon\\\/\",\"url\":\"https:\\\/\\\/litec.net\\\/produkt\\\/led-tagfahrlicht-scheinwerfer-audi-a6-4f-c6-04-09-schwarz-mit-dynamischem-blinker-fuer-original-xenon\\\/\",\"name\":\"LED Tagfahrlicht-Scheinwerfer Audi A6 4F C6 04-09 schwarz mit dynamischem Blinker f\u00fcr Original-Xenon - litec innovations\",\"isPartOf\":{\"@id\":\"https:\\\/\\\/litec.net\\\/#website\"},\"primaryImageOfPage\":{\"@id\":\"https:\\\/\\\/litec.net\\\/produkt\\\/led-tagfahrlicht-scheinwerfer-audi-a6-4f-c6-04-09-schwarz-mit-dynamischem-blinker-fuer-original-xenon\\\/#primaryimage\"},\"image\":{\"@id\":\"https:\\\/\\\/litec.net\\\/produkt\\\/led-tagfahrlicht-scheinwerfer-audi-a6-4f-c6-04-09-schwarz-mit-dynamischem-blinker-fuer-original-xenon\\\/#primaryimage\"},\"thumbnailUrl\":\"https:\\\/\\\/litec.net\\\/wp-content\\\/uploads\\\/2020\\\/05\\\/Audi-A6-SW1_XL.jpg\",\"datePublished\":\"2019-10-07T12:38:06+00:00\",\"dateModified\":\"2026-04-01T07:42:58+00:00\",\"breadcrumb\":{\"@id\":\"https:\\\/\\\/litec.net\\\/produkt\\\/led-tagfahrlicht-scheinwerfer-audi-a6-4f-c6-04-09-schwarz-mit-dynamischem-blinker-fuer-original-xenon\\\/#breadcrumb\"},\"inLanguage\":\"ro-RO\",\"potentialAction\":[{\"@type\":\"ReadAction\",\"target\":[\"https:\\\/\\\/litec.net\\\/produkt\\\/led-tagfahrlicht-scheinwerfer-audi-a6-4f-c6-04-09-schwarz-mit-dynamischem-blinker-fuer-original-xenon\\\/\"]}]},{\"@type\":\"ImageObject\",\"inLanguage\":\"ro-RO\",\"@id\":\"https:\\\/\\\/litec.net\\\/produkt\\\/led-tagfahrlicht-scheinwerfer-audi-a6-4f-c6-04-09-schwarz-mit-dynamischem-blinker-fuer-original-xenon\\\/#primaryimage\",\"url\":\"https:\\\/\\\/litec.net\\\/wp-content\\\/uploads\\\/2020\\\/05\\\/Audi-A6-SW1_XL.jpg\",\"contentUrl\":\"https:\\\/\\\/litec.net\\\/wp-content\\\/uploads\\\/2020\\\/05\\\/Audi-A6-SW1_XL.jpg\",\"width\":1000,\"height\":800},{\"@type\":\"BreadcrumbList\",\"@id\":\"https:\\\/\\\/litec.net\\\/produkt\\\/led-tagfahrlicht-scheinwerfer-audi-a6-4f-c6-04-09-schwarz-mit-dynamischem-blinker-fuer-original-xenon\\\/#breadcrumb\",\"itemListElement\":[{\"@type\":\"ListItem\",\"position\":1,\"name\":\"Startseite\",\"item\":\"https:\\\/\\\/litec.net\\\/\"},{\"@type\":\"ListItem\",\"position\":2,\"name\":\"Shop\",\"item\":\"https:\\\/\\\/litec.net\\\/shop\\\/\"},{\"@type\":\"ListItem\",\"position\":3,\"name\":\"LED Tagfahrlicht-Scheinwerfer Audi A6 4F C6 04-09 schwarz mit dynamischem Blinker f\u00fcr Original-Xenon\"}]},{\"@type\":\"WebSite\",\"@id\":\"https:\\\/\\\/litec.net\\\/#website\",\"url\":\"https:\\\/\\\/litec.net\\\/\",\"name\":\"litec innovations\",\"description\":\"Design und Entwicklung automobiler Upgrade-Beleuchtung\",\"publisher\":{\"@id\":\"https:\\\/\\\/litec.net\\\/#organization\"},\"alternateName\":\"litec.net\",\"potentialAction\":[{\"@type\":\"SearchAction\",\"target\":{\"@type\":\"EntryPoint\",\"urlTemplate\":\"https:\\\/\\\/litec.net\\\/?s={search_term_string}\"},\"query-input\":{\"@type\":\"PropertyValueSpecification\",\"valueRequired\":true,\"valueName\":\"search_term_string\"}}],\"inLanguage\":\"ro-RO\"},{\"@type\":\"Organization\",\"@id\":\"https:\\\/\\\/litec.net\\\/#organization\",\"name\":\"litec innovations GmbH\",\"url\":\"https:\\\/\\\/litec.net\\\/\",\"logo\":{\"@type\":\"ImageObject\",\"inLanguage\":\"ro-RO\",\"@id\":\"https:\\\/\\\/litec.net\\\/#\\\/schema\\\/logo\\\/image\\\/\",\"url\":\"https:\\\/\\\/litec.net\\\/wp-content\\\/uploads\\\/2023\\\/10\\\/Kopie-von-logo-png.png\",\"contentUrl\":\"https:\\\/\\\/litec.net\\\/wp-content\\\/uploads\\\/2023\\\/10\\\/Kopie-von-logo-png.png\",\"width\":750,\"height\":750,\"caption\":\"litec innovations GmbH\"},\"image\":{\"@id\":\"https:\\\/\\\/litec.net\\\/#\\\/schema\\\/logo\\\/image\\\/\"}}]}<\/script>\n<meta property=\"product:price:amount\" content=\"599.00\" \/>\n<meta property=\"product:price:currency\" content=\"EUR\" \/>\n<meta property=\"og:availability\" content=\"instock\" \/>\n<meta property=\"product:availability\" content=\"instock\" \/>\n<meta property=\"product:retailer_item_id\" content=\"SWA13SLGXBYHID\" \/>\n<meta property=\"product:condition\" content=\"new\" \/>\n<!-- \/ Yoast SEO Premium plugin. -->","yoast_head_json":{"title":"LED faruri cu lumin\u0103 de zi Audi A6 4F C6 04-09 negru cu indicator dinamic pentru xenon original - litec innovations","robots":{"index":"index","follow":"follow","max-snippet":"max-snippet:-1","max-image-preview":"max-image-preview:large","max-video-preview":"max-video-preview:-1"},"canonical":"https:\/\/litec.net\/ro\/produs\/a-condus-luminile-de-zi-faruri-audi-a6-4f-c6-04-09-negru-cu-indicator-dinamic-pentru-xenon-original\/","og_locale":"ro_RO","og_type":"article","og_title":"LED Tagfahrlicht-Scheinwerfer Audi A6 4F C6 04-09 schwarz mit dynamischem Blinker f\u00fcr Original-Xenon","og_description":"LITEC LED Tagfahrlicht-Scheinwerfer im 4G Upgrade-Design Audi A6 4F C6 04-09 \/ Allroad schwarz mit dynamischem Blinker f\u00fcr Modelle mit Original-Xenon   SOFORT LIEFERBAR","og_url":"https:\/\/litec.net\/ro\/produs\/a-condus-luminile-de-zi-faruri-audi-a6-4f-c6-04-09-negru-cu-indicator-dinamic-pentru-xenon-original\/","og_site_name":"litec innovations","article_modified_time":"2026-04-01T07:42:58+00:00","og_image":[{"width":1000,"height":800,"url":"https:\/\/litec.net\/wp-content\/uploads\/2020\/05\/Audi-A6-SW1_XL.jpg","type":"image\/jpeg"}],"twitter_card":"summary_large_image","twitter_misc":{"Pre\u021b":"599,00&euro;","Disponibilitate":"\u00cen stoc"},"schema":{"@context":"https:\/\/schema.org","@graph":[{"@type":"WebPage","@id":"https:\/\/litec.net\/produkt\/led-tagfahrlicht-scheinwerfer-audi-a6-4f-c6-04-09-schwarz-mit-dynamischem-blinker-fuer-original-xenon\/","url":"https:\/\/litec.net\/produkt\/led-tagfahrlicht-scheinwerfer-audi-a6-4f-c6-04-09-schwarz-mit-dynamischem-blinker-fuer-original-xenon\/","name":"LED faruri cu lumin\u0103 de zi Audi A6 4F C6 04-09 negru cu indicator dinamic pentru xenon original - litec innovations","isPartOf":{"@id":"https:\/\/litec.net\/#website"},"primaryImageOfPage":{"@id":"https:\/\/litec.net\/produkt\/led-tagfahrlicht-scheinwerfer-audi-a6-4f-c6-04-09-schwarz-mit-dynamischem-blinker-fuer-original-xenon\/#primaryimage"},"image":{"@id":"https:\/\/litec.net\/produkt\/led-tagfahrlicht-scheinwerfer-audi-a6-4f-c6-04-09-schwarz-mit-dynamischem-blinker-fuer-original-xenon\/#primaryimage"},"thumbnailUrl":"https:\/\/litec.net\/wp-content\/uploads\/2020\/05\/Audi-A6-SW1_XL.jpg","datePublished":"2019-10-07T12:38:06+00:00","dateModified":"2026-04-01T07:42:58+00:00","breadcrumb":{"@id":"https:\/\/litec.net\/produkt\/led-tagfahrlicht-scheinwerfer-audi-a6-4f-c6-04-09-schwarz-mit-dynamischem-blinker-fuer-original-xenon\/#breadcrumb"},"inLanguage":"ro-RO","potentialAction":[{"@type":"ReadAction","target":["https:\/\/litec.net\/produkt\/led-tagfahrlicht-scheinwerfer-audi-a6-4f-c6-04-09-schwarz-mit-dynamischem-blinker-fuer-original-xenon\/"]}]},{"@type":"ImageObject","inLanguage":"ro-RO","@id":"https:\/\/litec.net\/produkt\/led-tagfahrlicht-scheinwerfer-audi-a6-4f-c6-04-09-schwarz-mit-dynamischem-blinker-fuer-original-xenon\/#primaryimage","url":"https:\/\/litec.net\/wp-content\/uploads\/2020\/05\/Audi-A6-SW1_XL.jpg","contentUrl":"https:\/\/litec.net\/wp-content\/uploads\/2020\/05\/Audi-A6-SW1_XL.jpg","width":1000,"height":800},{"@type":"BreadcrumbList","@id":"https:\/\/litec.net\/produkt\/led-tagfahrlicht-scheinwerfer-audi-a6-4f-c6-04-09-schwarz-mit-dynamischem-blinker-fuer-original-xenon\/#breadcrumb","itemListElement":[{"@type":"ListItem","position":1,"name":"Startseite","item":"https:\/\/litec.net\/"},{"@type":"ListItem","position":2,"name":"Shop","item":"https:\/\/litec.net\/shop\/"},{"@type":"ListItem","position":3,"name":"LED Tagfahrlicht-Scheinwerfer Audi A6 4F C6 04-09 schwarz mit dynamischem Blinker f\u00fcr Original-Xenon"}]},{"@type":"WebSite","@id":"https:\/\/litec.net\/#website","url":"https:\/\/litec.net\/","name":"inova\u021bii litec","description":"Proiectarea \u0219i dezvoltarea de sisteme de iluminat pentru autovehicule","publisher":{"@id":"https:\/\/litec.net\/#organization"},"alternateName":"litec.net","potentialAction":[{"@type":"SearchAction","target":{"@type":"EntryPoint","urlTemplate":"https:\/\/litec.net\/?s={search_term_string}"},"query-input":{"@type":"PropertyValueSpecification","valueRequired":true,"valueName":"search_term_string"}}],"inLanguage":"ro-RO"},{"@type":"Organization","@id":"https:\/\/litec.net\/#organization","name":"litec innovations GmbH","url":"https:\/\/litec.net\/","logo":{"@type":"ImageObject","inLanguage":"ro-RO","@id":"https:\/\/litec.net\/#\/schema\/logo\/image\/","url":"https:\/\/litec.net\/wp-content\/uploads\/2023\/10\/Kopie-von-logo-png.png","contentUrl":"https:\/\/litec.net\/wp-content\/uploads\/2023\/10\/Kopie-von-logo-png.png","width":750,"height":750,"caption":"litec innovations GmbH"},"image":{"@id":"https:\/\/litec.net\/#\/schema\/logo\/image\/"}}]},"product_price_amount":"599.00","product_price_currency":"EUR","og_availability":"instock","product_availability":"instock","product_retailer_item_id":"SWA13SLGXBYHID","product_condition":"new"},"_links":{"self":[{"href":"https:\/\/litec.net\/ro\/wp-json\/wp\/v2\/product\/7623","targetHints":{"allow":["GET"]}}],"collection":[{"href":"https:\/\/litec.net\/ro\/wp-json\/wp\/v2\/product"}],"about":[{"href":"https:\/\/litec.net\/ro\/wp-json\/wp\/v2\/types\/product"}],"wp:featuredmedia":[{"embeddable":true,"href":"https:\/\/litec.net\/ro\/wp-json\/wp\/v2\/media\/7695"}],"wp:attachment":[{"href":"https:\/\/litec.net\/ro\/wp-json\/wp\/v2\/media?parent=7623"}],"wp:term":[{"taxonomy":"product_brand","embeddable":true,"href":"https:\/\/litec.net\/ro\/wp-json\/wp\/v2\/product_brand?post=7623"},{"taxonomy":"product_cat","embeddable":true,"href":"https:\/\/litec.net\/ro\/wp-json\/wp\/v2\/product_cat?post=7623"},{"taxonomy":"product_tag","embeddable":true,"href":"https:\/\/litec.net\/ro\/wp-json\/wp\/v2\/product_tag?post=7623"}],"curies":[{"name":"wp","href":"https:\/\/api.w.org\/{rel}","templated":true}]}}